{"id":13579,"date":"2023-10-27T11:27:43","date_gmt":"2023-10-27T11:27:43","guid":{"rendered":"https:\/\/lukaluxhus.eu\/kontakt\/"},"modified":"2025-10-27T15:42:36","modified_gmt":"2025-10-27T15:42:36","slug":"kontakt","status":"publish","type":"page","link":"https:\/\/lukaluxhus.eu\/de\/kontakt\/","title":{"rendered":"Kontakt"},"content":{"rendered":"\t\t<div data-elementor-type=\"wp-page\" data-elementor-id=\"13579\" class=\"elementor elementor-13579 elementor-10156\">\n\t\t\t\t<div class=\"elementor-element elementor-element-7deab51 e-con-full e-flex parallax_section_no qode_elementor_container_no e-con e-parent\" data-id=\"7deab51\" data-element_type=\"container\">\n\t\t<div class=\"elementor-element elementor-element-f98c262 e-con-full e-flex parallax_section_no qode_elementor_container_no e-con e-child\" data-id=\"f98c262\" data-element_type=\"container\">\n\t\t\t\t<div class=\"elementor-element elementor-element-9df21ad elementor-widget__width-initial elementor-widget elementor-widget-text-editor\" data-id=\"9df21ad\" data-element_type=\"widget\" data-widget_type=\"text-editor.default\">\n\t\t\t\t\t\t\t\t\t<h1 class=\"qodef-m-title\">Kontaktieren Sie uns<\/h1>\t\t\t\t\t\t\t\t<\/div>\n\t\t\t\t<div class=\"elementor-element elementor-element-27969d2 elementor-widget__width-initial elementor-widget elementor-widget-text-editor\" data-id=\"27969d2\" data-element_type=\"widget\" data-widget_type=\"text-editor.default\">\n\t\t\t\t\t\t\t\t\t<p data-start=\"542\" data-end=\"685\">M\u00f6chten Sie Zeitpl\u00e4ne, Materialien und Kosten besprechen? F\u00fcllen Sie das Formular aus und unser Spezialist wird sich in K\u00fcrze mit Ihnen in Verbindung setzen. <\/p>\t\t\t\t\t\t\t\t<\/div>\n\t\t\t\t<div class=\"elementor-element elementor-element-fd23558 elementor-widget elementor-widget-bridge_cf_7\" data-id=\"fd23558\" data-element_type=\"widget\" data-widget_type=\"bridge_cf_7.default\">\n\t\t\t\t<div class=\"elementor-widget-container\">\n\t\t\t\t\t    <div class=\"qode-contact-form-7 qode-contact-form-7-0\">\n    \n<div class=\"wpcf7 no-js\" id=\"wpcf7-f13661-o1\" lang=\"de-DE\" dir=\"ltr\" data-wpcf7-id=\"13661\">\n<div class=\"screen-reader-response\"><p role=\"status\" aria-live=\"polite\" aria-atomic=\"true\"><\/p> <ul><\/ul><\/div>\n<form action=\"\/de\/wp-json\/wp\/v2\/pages\/13579#wpcf7-f13661-o1\" method=\"post\" class=\"wpcf7-form init cf7_custom_style_1\" aria-label=\"Kontaktformular\" novalidate=\"novalidate\" data-status=\"init\">\n<fieldset class=\"hidden-fields-container\"><input type=\"hidden\" name=\"_wpcf7\" value=\"13661\" \/><input type=\"hidden\" name=\"_wpcf7_version\" value=\"6.1.1\" \/><input type=\"hidden\" name=\"_wpcf7_locale\" value=\"de_DE\" \/><input type=\"hidden\" name=\"_wpcf7_unit_tag\" value=\"wpcf7-f13661-o1\" \/><input type=\"hidden\" name=\"_wpcf7_container_post\" value=\"0\" \/><input type=\"hidden\" name=\"_wpcf7_posted_data_hash\" value=\"\" \/>\n<\/fieldset>\n<label> Ihr Name\n    <span class=\"wpcf7-form-control-wrap\" data-name=\"your-name\"><input size=\"40\" maxlength=\"400\" class=\"wpcf7-form-control wpcf7-text wpcf7-validates-as-required\" autocomplete=\"name\" aria-required=\"true\" aria-invalid=\"false\" value=\"\" type=\"text\" name=\"your-name\" \/><\/span> <\/label>\n\n<label> Ihre E-Mail\n    <span class=\"wpcf7-form-control-wrap\" data-name=\"your-email\"><input size=\"40\" maxlength=\"400\" class=\"wpcf7-form-control wpcf7-email wpcf7-validates-as-required wpcf7-text wpcf7-validates-as-email\" autocomplete=\"email\" aria-required=\"true\" aria-invalid=\"false\" value=\"\" type=\"email\" name=\"your-email\" \/><\/span> <\/label>\n\n<label> Telefonnummer\n    <span class=\"wpcf7-form-control-wrap\" data-name=\"your-subject\"><input size=\"40\" maxlength=\"400\" class=\"wpcf7-form-control wpcf7-text\" aria-invalid=\"false\" value=\"\" type=\"text\" name=\"your-subject\" \/><\/span> <\/label>\n\n<label> Ihre Nachricht\n    <span class=\"wpcf7-form-control-wrap\" data-name=\"your-message\"><textarea cols=\"40\" rows=\"10\" maxlength=\"2000\" class=\"wpcf7-form-control wpcf7-textarea wpcf7-validates-as-required\" aria-required=\"true\" aria-invalid=\"false\" name=\"your-message\"><\/textarea><\/span> <\/label>\n\n<span id=\"wpcf7-69f84d9d062d6-wrapper\" class=\"wpcf7-form-control-wrap hp-field-wrap\" style=\"display:none !important; visibility:hidden !important;\"><label for=\"wpcf7-69f84d9d062d6-field\" class=\"hp-message\">Bitte lasse dieses Feld leer.<\/label><input id=\"wpcf7-69f84d9d062d6-field\"  class=\"wpcf7-form-control wpcf7-text\" type=\"text\" name=\"hp-field\" value=\"\" size=\"40\" tabindex=\"-1\" autocomplete=\"new-password\" \/><\/span>\n<div class=\"h-captcha\" data-sitekey=\"ab60f14a-5f4e-427a-94d0-e2163b62314c\" data-size=\"normal\" data-theme=\"light\" data-lang=\"en\"><\/div><span class=\"wpcf7-form-control-wrap cf7apps-hcaptcha\" data-name=\"cf7apps-hcaptcha\"><input type=\"hidden\" name=\"cf7apps-hcaptcha\" value=\"\" class=\"wpcf7-form-control\"><\/span>\n<input class=\"wpcf7-form-control wpcf7-submit has-spinner\" type=\"submit\" value=\"Schicken\" \/><div class=\"wpcf7-response-output\" aria-hidden=\"true\"><\/div>\n<\/form>\n<\/div>\n    <\/div>\n\t\t\t\t<\/div>\n\t\t\t\t<\/div>\n\t\t\t\t<\/div>\n\t\t<div class=\"elementor-element elementor-element-61a05dc e-con-full e-flex parallax_section_no qode_elementor_container_no e-con e-child\" data-id=\"61a05dc\" data-element_type=\"container\">\n\t\t<div class=\"elementor-element elementor-element-f65540c e-flex e-con-boxed parallax_section_no qode_elementor_container_no e-con e-child\" data-id=\"f65540c\" data-element_type=\"container\">\n\t\t\t\t\t<div class=\"e-con-inner\">\n\t\t\t\t<div class=\"elementor-element elementor-element-e394e5d elementor-widget elementor-widget-image\" data-id=\"e394e5d\" data-element_type=\"widget\" data-widget_type=\"image.default\">\n\t\t\t\t\t\t\t\t\t\t\t\t\t\t\t<img decoding=\"async\" width=\"150\" height=\"150\" src=\"https:\/\/lukaluxhus.eu\/wp-content\/uploads\/2025\/09\/rus-150x150.png\" class=\"attachment-thumbnail size-thumbnail wp-image-13532\" alt=\"\" srcset=\"https:\/\/lukaluxhus.eu\/wp-content\/uploads\/2025\/09\/rus-150x150.png 150w, https:\/\/lukaluxhus.eu\/wp-content\/uploads\/2025\/09\/rus-300x297.png 300w, https:\/\/lukaluxhus.eu\/wp-content\/uploads\/2025\/09\/rus-500x500.png 500w\" sizes=\"(max-width: 150px) 100vw, 150px\" \/>\t\t\t\t\t\t\t\t\t\t\t\t\t\t\t<\/div>\n\t\t\t\t<div class=\"elementor-element elementor-element-21ac5e2 elementor-widget elementor-widget-text-editor\" data-id=\"21ac5e2\" data-element_type=\"widget\" data-widget_type=\"text-editor.default\">\n\t\t\t\t\t\t\t\t\t<h6>Hauptgesch\u00e4ftsf\u00fchrer<\/h6>\t\t\t\t\t\t\t\t<\/div>\n\t\t\t\t<div class=\"elementor-element elementor-element-aedeae4 elementor-widget elementor-widget-text-editor\" data-id=\"aedeae4\" data-element_type=\"widget\" data-widget_type=\"text-editor.default\">\n\t\t\t\t\t\t\t\t\t<h4 class=\"elementor-heading-title elementor-size-large\">RUSLAN LUKASCHENKO<\/h4>\t\t\t\t\t\t\t\t<\/div>\n\t\t\t\t<div class=\"elementor-element elementor-element-cb9ec3e elementor-widget elementor-widget-text-editor\" data-id=\"cb9ec3e\" data-element_type=\"widget\" data-widget_type=\"text-editor.default\">\n\t\t\t\t\t\t\t\t\t<p>+ 372 5565 3649<span class=\"Apple-converted-space\"> RU \/ EE<\/span><\/p><p>+ 34 6419 38 642 ES \/ RU<\/p>\t\t\t\t\t\t\t\t<\/div>\n\t\t\t\t<div class=\"elementor-element elementor-element-85a7e5b elementor-widget elementor-widget-image\" data-id=\"85a7e5b\" data-element_type=\"widget\" data-widget_type=\"image.default\">\n\t\t\t\t\t\t\t\t\t\t\t\t\t\t\t<img decoding=\"async\" width=\"150\" height=\"150\" src=\"https:\/\/lukaluxhus.eu\/wp-content\/uploads\/2025\/09\/kar-150x150.png\" class=\"attachment-thumbnail size-thumbnail wp-image-13533\" alt=\"\" srcset=\"https:\/\/lukaluxhus.eu\/wp-content\/uploads\/2025\/09\/kar-150x150.png 150w, https:\/\/lukaluxhus.eu\/wp-content\/uploads\/2025\/09\/kar-300x297.png 300w, https:\/\/lukaluxhus.eu\/wp-content\/uploads\/2025\/09\/kar-500x500.png 500w\" sizes=\"(max-width: 150px) 100vw, 150px\" \/>\t\t\t\t\t\t\t\t\t\t\t\t\t\t\t<\/div>\n\t\t\t\t<div class=\"elementor-element elementor-element-f5de20b elementor-widget elementor-widget-text-editor\" data-id=\"f5de20b\" data-element_type=\"widget\" data-widget_type=\"text-editor.default\">\n\t\t\t\t\t\t\t\t\t<h6>Verkaufsleiter<span class=\"Apple-converted-space\"> <\/span><\/h6>\t\t\t\t\t\t\t\t<\/div>\n\t\t\t\t<div class=\"elementor-element elementor-element-ade1a01 elementor-widget elementor-widget-text-editor\" data-id=\"ade1a01\" data-element_type=\"widget\" data-widget_type=\"text-editor.default\">\n\t\t\t\t\t\t\t\t\t<h4>KARIM KHOMIAKOV<\/h4>\t\t\t\t\t\t\t\t<\/div>\n\t\t\t\t<div class=\"elementor-element elementor-element-17c8cf5 elementor-widget elementor-widget-text-editor\" data-id=\"17c8cf5\" data-element_type=\"widget\" data-widget_type=\"text-editor.default\">\n\t\t\t\t\t\t\t\t\t<p>+ 34 6381 48 494<span class=\"Apple-converted-space\"> EN \/ ES \/ DE<\/span><\/p>\t\t\t\t\t\t\t\t<\/div>\n\t\t\t\t<div class=\"elementor-element elementor-element-28edc70 elementor-widget elementor-widget-image\" data-id=\"28edc70\" data-element_type=\"widget\" data-widget_type=\"image.default\">\n\t\t\t\t\t\t\t\t\t\t\t\t\t\t\t<img decoding=\"async\" width=\"150\" height=\"150\" src=\"https:\/\/lukaluxhus.eu\/wp-content\/uploads\/2025\/09\/sv-150x150.png\" class=\"attachment-thumbnail size-thumbnail wp-image-13534\" alt=\"\" srcset=\"https:\/\/lukaluxhus.eu\/wp-content\/uploads\/2025\/09\/sv-150x150.png 150w, https:\/\/lukaluxhus.eu\/wp-content\/uploads\/2025\/09\/sv-300x297.png 300w, https:\/\/lukaluxhus.eu\/wp-content\/uploads\/2025\/09\/sv-500x500.png 500w\" sizes=\"(max-width: 150px) 100vw, 150px\" \/>\t\t\t\t\t\t\t\t\t\t\t\t\t\t\t<\/div>\n\t\t\t\t<div class=\"elementor-element elementor-element-03cd892 elementor-widget elementor-widget-text-editor\" data-id=\"03cd892\" data-element_type=\"widget\" data-widget_type=\"text-editor.default\">\n\t\t\t\t\t\t\t\t\t<h6>Managerberater<span class=\"Apple-converted-space\"> <\/span><\/h6>\t\t\t\t\t\t\t\t<\/div>\n\t\t\t\t<div class=\"elementor-element elementor-element-4a8f96d elementor-widget elementor-widget-text-editor\" data-id=\"4a8f96d\" data-element_type=\"widget\" data-widget_type=\"text-editor.default\">\n\t\t\t\t\t\t\t\t\t<h4>SVETLANA BAKHILOVA<\/h4>\t\t\t\t\t\t\t\t<\/div>\n\t\t\t\t<div class=\"elementor-element elementor-element-26e6a8b elementor-widget elementor-widget-text-editor\" data-id=\"26e6a8b\" data-element_type=\"widget\" data-widget_type=\"text-editor.default\">\n\t\t\t\t\t\t\t\t\t<p>+34 6419 38 642 ES \/ RU<\/p>\t\t\t\t\t\t\t\t<\/div>\n\t\t\t\t\t<\/div>\n\t\t\t\t<\/div>\n\t\t\t\t<\/div>\n\t\t\t\t<\/div>\n\t\t<div class=\"elementor-element elementor-element-002304d e-con-full elementor-hidden-desktop elementor-hidden-tablet elementor-hidden-mobile e-flex parallax_section_no qode_elementor_container_no e-con e-parent\" data-id=\"002304d\" data-element_type=\"container\">\n\t\t\t\t<div class=\"elementor-element elementor-element-891d001 elementor-widget__width-inherit elementor-widget elementor-widget-bridge_google_map\" data-id=\"891d001\" data-element_type=\"widget\" data-widget_type=\"bridge_google_map.default\">\n\t\t\t\t<div class=\"elementor-widget-container\">\n\t\t\t\t\t<div class='google_map_shortcode_holder' style='height:500px;'><div class='qode_google_map' style='height:500px;' id='map_canvas_37803' data-addresses='[\"330 Hudson St, New York, NY 10013\"]' data-custom-map-style='false' data-color-overlay='' data-saturation='' data-lightness='' data-zoom='10' data-pin='https:\/\/lukaluxhus.eu\/wp-content\/uploads\/2023\/02\/pin.png' data-unique-id='37803' data-google-maps-scroll-wheel='false' data-snazzy-map-style='yes' data-map-height='500'><\/div><input type=\"hidden\" class=\"qode-snazzy-map\" value=\"`{`\n    {\n        ``featureType``: ``administrative``,\n        ``elementType``: ``labels.text.fill``,\n        ``stylers``: `{`\n            {\n                ``color``: ``#6195a0``\n            }\n        `}`\n    },\n    {\n        ``featureType``: ``landscape``,\n        ``elementType``: ``all``,\n        ``stylers``: `{`\n            {\n                ``color``: ``#f2f2f2``\n            }\n        `}`\n    },\n    {\n        ``featureType``: ``landscape``,\n        ``elementType``: ``geometry.fill``,\n        ``stylers``: `{`\n            {\n                ``color``: ``#ffffff``\n            }\n        `}`\n    },\n    {\n        ``featureType``: ``poi``,\n        ``elementType``: ``all``,\n        ``stylers``: `{`\n            {\n                ``visibility``: ``off``\n            }\n        `}`\n    },\n    {\n        ``featureType``: ``poi.park``,\n        ``elementType``: ``geometry.fill``,\n        ``stylers``: `{`\n            {\n                ``color``: ``#e6f3d6``\n            },\n            {\n                ``visibility``: ``on``\n            }\n        `}`\n    },\n    {\n        ``featureType``: ``road``,\n        ``elementType``: ``all``,\n        ``stylers``: `{`\n            {\n                ``saturation``: -100\n            },\n            {\n                ``lightness``: 45\n            },\n            {\n                ``visibility``: ``simplified``\n            }\n        `}`\n    },\n    {\n        ``featureType``: ``road.highway``,\n        ``elementType``: ``all``,\n        ``stylers``: `{`\n            {\n                ``visibility``: ``simplified``\n            }\n        `}`\n    },\n    {\n        ``featureType``: ``road.highway``,\n        ``elementType``: ``geometry.fill``,\n        ``stylers``: `{`\n            {\n                ``color``: ``#f4d2c5``\n            },\n            {\n                ``visibility``: ``simplified``\n            }\n        `}`\n    },\n    {\n        ``featureType``: ``road.highway``,\n        ``elementType``: ``labels.text``,\n        ``stylers``: `{`\n            {\n                ``color``: ``#4e4e4e``\n            }\n        `}`\n    },\n    {\n        ``featureType``: ``road.arterial``,\n        ``elementType``: ``geometry.fill``,\n        ``stylers``: `{`\n            {\n                ``color``: ``#f4f4f4``\n            }\n        `}`\n    },\n    {\n        ``featureType``: ``road.arterial``,\n        ``elementType``: ``labels.text.fill``,\n        ``stylers``: `{`\n            {\n                ``color``: ``#787878``\n            }\n        `}`\n    },\n    {\n        ``featureType``: ``road.arterial``,\n        ``elementType``: ``labels.icon``,\n        ``stylers``: `{`\n            {\n                ``visibility``: ``off``\n            }\n        `}`\n    },\n    {\n        ``featureType``: ``transit``,\n        ``elementType``: ``all``,\n        ``stylers``: `{`\n            {\n                ``visibility``: ``off``\n            }\n        `}`\n    },\n    {\n        ``featureType``: ``water``,\n        ``elementType``: ``all``,\n        ``stylers``: `{`\n            {\n                ``color``: ``#eaf6f8``\n            },\n            {\n                ``visibility``: ``on``\n            }\n        `}`\n    },\n    {\n        ``featureType``: ``water``,\n        ``elementType``: ``geometry.fill``,\n        ``stylers``: `{`\n            {\n                ``color``: ``#eaf6f8``\n            }\n        `}`\n    }\n`}`\" \/><div class='google_map_shortcode_overlay'><\/div><\/div>\t\t\t\t<\/div>\n\t\t\t\t<\/div>\n\t\t\t\t<\/div>\n\t\t\t\t<\/div>\n\t\t","protected":false},"excerpt":{"rendered":"<p>Kontaktieren Sie uns M\u00f6chten Sie&#8230;<\/p>\n","protected":false},"author":1,"featured_media":0,"parent":0,"menu_order":0,"comment_status":"closed","ping_status":"closed","template":"full_width.php","meta":{"content-type":"","footnotes":""},"class_list":["post-13579","page","type-page","status-publish","hentry"],"_links":{"self":[{"href":"https:\/\/lukaluxhus.eu\/de\/wp-json\/wp\/v2\/pages\/13579","targetHints":{"allow":["GET"]}}],"collection":[{"href":"https:\/\/lukaluxhus.eu\/de\/wp-json\/wp\/v2\/pages"}],"about":[{"href":"https:\/\/lukaluxhus.eu\/de\/wp-json\/wp\/v2\/types\/page"}],"author":[{"embeddable":true,"href":"https:\/\/lukaluxhus.eu\/de\/wp-json\/wp\/v2\/users\/1"}],"replies":[{"embeddable":true,"href":"https:\/\/lukaluxhus.eu\/de\/wp-json\/wp\/v2\/comments?post=13579"}],"version-history":[{"count":3,"href":"https:\/\/lukaluxhus.eu\/de\/wp-json\/wp\/v2\/pages\/13579\/revisions"}],"predecessor-version":[{"id":13761,"href":"https:\/\/lukaluxhus.eu\/de\/wp-json\/wp\/v2\/pages\/13579\/revisions\/13761"}],"wp:attachment":[{"href":"https:\/\/lukaluxhus.eu\/de\/wp-json\/wp\/v2\/media?parent=13579"}],"curies":[{"name":"wp","href":"https:\/\/api.w.org\/{rel}","templated":true}]}}