{"id":13581,"date":"2023-10-20T11:10:39","date_gmt":"2023-10-20T11:10:39","guid":{"rendered":"https:\/\/lukaluxhus.eu\/ueber-uns\/"},"modified":"2025-10-23T15:08:41","modified_gmt":"2025-10-23T15:08:41","slug":"ueber-uns","status":"publish","type":"page","link":"https:\/\/lukaluxhus.eu\/de\/ueber-uns\/","title":{"rendered":"\u00dcber uns"},"content":{"rendered":"\t\t<div data-elementor-type=\"wp-page\" data-elementor-id=\"13581\" class=\"elementor elementor-13581 elementor-9555\">\n\t\t\t\t<div class=\"elementor-element elementor-element-ebdbdab e-con-full e-flex parallax_section_no qode_elementor_container_no e-con e-parent\" data-id=\"ebdbdab\" data-element_type=\"container\">\n\t\t\t\t<div class=\"elementor-element elementor-element-9df21ad elementor-widget__width-initial elementor-hidden-mobile elementor-widget elementor-widget-text-editor\" data-id=\"9df21ad\" data-element_type=\"widget\" data-widget_type=\"text-editor.default\">\n\t\t\t\t\t\t\t\t\t<h1 class=\"qodef-m-title\">Wir widmen jedem Projekt besondere Aufmerksamkeit, von der Materialauswahl bis hin zu den letzten Details. Wir bauen Ihren Traum! <\/h1>\t\t\t\t\t\t\t\t<\/div>\n\t\t\t\t<div class=\"elementor-element elementor-element-a3ec8a3 elementor-widget__width-initial elementor-hidden-desktop elementor-hidden-tablet elementor-widget elementor-widget-text-editor\" data-id=\"a3ec8a3\" data-element_type=\"widget\" data-widget_type=\"text-editor.default\">\n\t\t\t\t\t\t\t\t\t<h3 class=\"qodef-m-title\">Wir widmen jedem Projekt besondere Aufmerksamkeit, von der Materialauswahl bis hin zu den letzten Details. Wir bauen Ihren Traum! <\/h3>\t\t\t\t\t\t\t\t<\/div>\n\t\t\t\t<\/div>\n\t\t<div class=\"elementor-element elementor-element-1c28ee2 e-con-full e-flex parallax_section_no qode_elementor_container_no e-con e-parent\" data-id=\"1c28ee2\" data-element_type=\"container\" data-settings=\"{&quot;background_background&quot;:&quot;classic&quot;}\">\n\t\t<div class=\"elementor-element elementor-element-0ef3719 e-con-full e-flex parallax_section_no qode_elementor_container_no e-con e-child\" data-id=\"0ef3719\" data-element_type=\"container\">\n\t\t\t\t<div class=\"elementor-element elementor-element-2479366 elementor-widget__width-initial elementor-widget elementor-widget-qi_addons_for_elementor_section_title\" data-id=\"2479366\" data-element_type=\"widget\" data-widget_type=\"qi_addons_for_elementor_section_title.default\">\n\t\t\t\t<div class=\"elementor-widget-container\">\n\t\t\t\t\t<div class=\"qodef-shortcode qodef-m qodef-qi-section-title qodef-decoration--italic qodef-link--underline-draw qodef-subtitle-icon--left\">\n\t\t\t\t\t\t<h4 class=\"qodef-m-title\">\n\t\t\u00dcber uns\t<\/h4>\n\t\t\t<div class=\"qodef-m-text\"><p>LukaLuxhus ist ein Bauunternehmen mit langj\u00e4hriger Erfahrung. Unser Unternehmen ist ein zuverl\u00e4ssiger Partner f\u00fcr Sie, der gesammeltes Wissen und modernste Technologien nutzt, um Projekte unterschiedlicher Gr\u00f6\u00dfe und Komplexit\u00e4t umzusetzen. <\/p><p> <\/p><p>Dank unserer 25-j\u00e4hrigen Erfahrung sind wir in der Lage, effektive L\u00f6sungen anzubieten, hohe Qualit\u00e4t und Sicherheit zu gew\u00e4hrleisten und auch die komplexesten Probleme erfolgreich zu l\u00f6sen.<\/p><\/div>\n\t<\/div>\n\t\t\t\t<\/div>\n\t\t\t\t<\/div>\n\t\t\t\t<\/div>\n\t\t<div class=\"elementor-element elementor-element-ab2d472 e-con-full e-flex parallax_section_no qode_elementor_container_no e-con e-child\" data-id=\"ab2d472\" data-element_type=\"container\">\n\t\t\t\t<div class=\"elementor-element elementor-element-592cc0f elementor-widget elementor-widget-video\" data-id=\"592cc0f\" data-element_type=\"widget\" data-settings=\"{&quot;video_type&quot;:&quot;hosted&quot;,&quot;autoplay&quot;:&quot;yes&quot;,&quot;controls&quot;:&quot;yes&quot;}\" data-widget_type=\"video.default\">\n\t\t\t\t\t\t\t<div class=\"e-hosted-video elementor-wrapper elementor-open-inline\">\n\t\t\t\t\t<video class=\"elementor-video\" src=\"https:\/\/lukaluxhus.eu\/wp-content\/uploads\/2025\/09\/IMG_4509.mp4\" autoplay=\"\" controls=\"\" controlsList=\"nodownload\"><\/video>\n\t\t\t\t<\/div>\n\t\t\t\t\t\t<\/div>\n\t\t\t\t<\/div>\n\t\t\t\t<\/div>\n\t\t<div class=\"elementor-element elementor-element-ee2715d e-con-full e-flex parallax_section_no qode_elementor_container_no e-con e-parent\" data-id=\"ee2715d\" data-element_type=\"container\">\n\t\t<div class=\"elementor-element elementor-element-f7feff8 e-con-full e-flex parallax_section_no qode_elementor_container_no e-con e-child\" data-id=\"f7feff8\" data-element_type=\"container\">\n\t\t\t\t<div class=\"elementor-element elementor-element-c6be7e1 elementor-arrows-position-inside elementor-widget elementor-widget-image-carousel\" data-id=\"c6be7e1\" data-element_type=\"widget\" data-settings=\"{&quot;slides_to_show&quot;:&quot;1&quot;,&quot;navigation&quot;:&quot;arrows&quot;,&quot;autoplay&quot;:&quot;yes&quot;,&quot;pause_on_hover&quot;:&quot;yes&quot;,&quot;pause_on_interaction&quot;:&quot;yes&quot;,&quot;autoplay_speed&quot;:5000,&quot;infinite&quot;:&quot;yes&quot;,&quot;effect&quot;:&quot;slide&quot;,&quot;speed&quot;:500}\" data-widget_type=\"image-carousel.default\">\n\t\t\t\t\t\t\t<div class=\"elementor-image-carousel-wrapper swiper\" role=\"region\" aria-roledescription=\"carousel\" aria-label=\"Image Carousel\" dir=\"ltr\">\n\t\t\t<div class=\"elementor-image-carousel swiper-wrapper\" aria-live=\"off\">\n\t\t\t\t\t\t\t\t<div class=\"swiper-slide\" role=\"group\" aria-roledescription=\"slide\" aria-label=\"1 von 2\"><figure class=\"swiper-slide-inner\"><img decoding=\"async\" class=\"swiper-slide-image\" src=\"https:\/\/lukaluxhus.eu\/wp-content\/uploads\/2025\/10\/10-DSC_9138-Edit-scaled.jpg\" alt=\"10-DSC_9138-Edit\" \/><\/figure><\/div><div class=\"swiper-slide\" role=\"group\" aria-roledescription=\"slide\" aria-label=\"2 von 2\"><figure class=\"swiper-slide-inner\"><img decoding=\"async\" class=\"swiper-slide-image\" src=\"https:\/\/lukaluxhus.eu\/wp-content\/uploads\/2025\/10\/34-DSC_8910-Edit-scaled.jpg\" alt=\"34-DSC_8910-Edit\" \/><\/figure><\/div>\t\t\t<\/div>\n\t\t\t\t\t\t\t\t\t\t\t\t<div class=\"elementor-swiper-button elementor-swiper-button-prev\" role=\"button\" tabindex=\"0\">\n\t\t\t\t\t\t<svg aria-hidden=\"true\" class=\"e-font-icon-svg e-eicon-chevron-left\" viewBox=\"0 0 1000 1000\" xmlns=\"http:\/\/www.w3.org\/2000\/svg\"><path d=\"M646 125C629 125 613 133 604 142L308 442C296 454 292 471 292 487 292 504 296 521 308 533L604 854C617 867 629 875 646 875 663 875 679 871 692 858 704 846 713 829 713 812 713 796 708 779 692 767L438 487 692 225C700 217 708 204 708 187 708 171 704 154 692 142 675 129 663 125 646 125Z\"><\/path><\/svg>\t\t\t\t\t<\/div>\n\t\t\t\t\t<div class=\"elementor-swiper-button elementor-swiper-button-next\" role=\"button\" tabindex=\"0\">\n\t\t\t\t\t\t<svg aria-hidden=\"true\" class=\"e-font-icon-svg e-eicon-chevron-right\" viewBox=\"0 0 1000 1000\" xmlns=\"http:\/\/www.w3.org\/2000\/svg\"><path d=\"M696 533C708 521 713 504 713 487 713 471 708 454 696 446L400 146C388 133 375 125 354 125 338 125 325 129 313 142 300 154 292 171 292 187 292 204 296 221 308 233L563 492 304 771C292 783 288 800 288 817 288 833 296 850 308 863 321 871 338 875 354 875 371 875 388 867 400 854L696 533Z\"><\/path><\/svg>\t\t\t\t\t<\/div>\n\t\t\t\t\n\t\t\t\t\t\t\t\t\t<\/div>\n\t\t\t\t\t\t<\/div>\n\t\t\t\t<\/div>\n\t\t<div class=\"elementor-element elementor-element-2ae6f86 e-con-full e-flex parallax_section_no qode_elementor_container_no e-con e-child\" data-id=\"2ae6f86\" data-element_type=\"container\">\n\t\t\t\t<div class=\"elementor-element elementor-element-9fc9951 elementor-widget__width-initial elementor-widget elementor-widget-qi_addons_for_elementor_section_title\" data-id=\"9fc9951\" data-element_type=\"widget\" data-widget_type=\"qi_addons_for_elementor_section_title.default\">\n\t\t\t\t<div class=\"elementor-widget-container\">\n\t\t\t\t\t<div class=\"qodef-shortcode qodef-m qodef-qi-section-title qodef-decoration--italic qodef-link--underline-draw qodef-subtitle-icon--left\">\n\t\t\t\t\t\t<h4 class=\"qodef-m-title\">\n\t\tIntegrierter Ansatz\t<\/h4>\n\t\t\t<div class=\"qodef-m-text\"><p>Unser Unternehmen bietet einen umfassenden Ansatz vom Entwurf bis zur Fertigstellung und stellt moderne Materialien und erfahrene Spezialisten zur Verf\u00fcgung, um die besten Ergebnisse zu erzielen. <\/p><\/div>\n\t<\/div>\n\t\t\t\t<\/div>\n\t\t\t\t<\/div>\n\t\t\t\t<div class=\"elementor-element elementor-element-4a1b6f7 elementor-widget__width-auto elementor-widget elementor-widget-text-editor\" data-id=\"4a1b6f7\" data-element_type=\"widget\" data-widget_type=\"text-editor.default\">\n\t\t\t\t\t\t\t\t\t<h4><a class=\"qode-underline-link\" href=\"https:\/\/lukaluxhus.eu\/de\/kontakt\/\">Kontaktieren Sie uns<\/a><\/h4>\t\t\t\t\t\t\t\t<\/div>\n\t\t\t\t<div class=\"elementor-element elementor-element-b470e5e elementor-widget elementor-widget-text-editor\" data-id=\"b470e5e\" data-element_type=\"widget\" data-widget_type=\"text-editor.default\">\n\t\t\t\t\t\t\t\t\t<div class=\"elementor-element elementor-element-841aadd qodef--underline elementor-widget elementor-widget-text-editor\" data-id=\"841aadd\" data-element_type=\"widget\" data-widget_type=\"text-editor.default\"><div class=\"elementor-widget-container\"><h4><a class=\"qode-underline-link\" href=\"https:\/\/lukaluxhus.eu\/de\/dienste\/\">Unsere Leistungen<\/a><\/h4><\/div><\/div>\t\t\t\t\t\t\t\t<\/div>\n\t\t\t\t<div class=\"elementor-element elementor-element-4b85e9f elementor-widget elementor-widget-text-editor\" data-id=\"4b85e9f\" data-element_type=\"widget\" data-widget_type=\"text-editor.default\">\n\t\t\t\t\t\t\t\t\t<div class=\"elementor-element elementor-element-841aadd qodef--underline elementor-widget elementor-widget-text-editor\" data-id=\"841aadd\" data-element_type=\"widget\" data-widget_type=\"text-editor.default\"><div class=\"elementor-widget-container\"><h4><a class=\"qode-underline-link\" href=\"https:\/\/lukaluxhus.eu\/de\/portfolio\/\">Arbeitsbeispiele ansehen<\/a><\/h4><\/div><\/div>\t\t\t\t\t\t\t\t<\/div>\n\t\t\t\t<\/div>\n\t\t\t\t<\/div>\n\t\t\t\t<\/div>\n\t\t","protected":false},"excerpt":{"rendered":"<p>Wir widmen jedem Projekt besondere&#8230;<\/p>\n","protected":false},"author":1,"featured_media":0,"parent":0,"menu_order":0,"comment_status":"closed","ping_status":"closed","template":"full_width.php","meta":{"content-type":"","footnotes":""},"class_list":["post-13581","page","type-page","status-publish","hentry"],"_links":{"self":[{"href":"https:\/\/lukaluxhus.eu\/de\/wp-json\/wp\/v2\/pages\/13581","targetHints":{"allow":["GET"]}}],"collection":[{"href":"https:\/\/lukaluxhus.eu\/de\/wp-json\/wp\/v2\/pages"}],"about":[{"href":"https:\/\/lukaluxhus.eu\/de\/wp-json\/wp\/v2\/types\/page"}],"author":[{"embeddable":true,"href":"https:\/\/lukaluxhus.eu\/de\/wp-json\/wp\/v2\/users\/1"}],"replies":[{"embeddable":true,"href":"https:\/\/lukaluxhus.eu\/de\/wp-json\/wp\/v2\/comments?post=13581"}],"version-history":[{"count":5,"href":"https:\/\/lukaluxhus.eu\/de\/wp-json\/wp\/v2\/pages\/13581\/revisions"}],"predecessor-version":[{"id":13705,"href":"https:\/\/lukaluxhus.eu\/de\/wp-json\/wp\/v2\/pages\/13581\/revisions\/13705"}],"wp:attachment":[{"href":"https:\/\/lukaluxhus.eu\/de\/wp-json\/wp\/v2\/media?parent=13581"}],"curies":[{"name":"wp","href":"https:\/\/api.w.org\/{rel}","templated":true}]}}